{"id":23,"date":"2022-01-24T19:48:50","date_gmt":"2022-01-24T18:48:50","guid":{"rendered":"http:\/\/www.salumibortolotti.it\/?page_id=23"},"modified":"2022-03-24T10:47:45","modified_gmt":"2022-03-24T09:47:45","slug":"territorio","status":"publish","type":"page","link":"https:\/\/www.salumibortolotti.it\/it\/territorio\/","title":{"rendered":"Territorio"},"content":{"rendered":"\t\t<div data-elementor-type=\"wp-page\" data-elementor-id=\"23\" class=\"elementor elementor-23\">\n\t\t\t\t\t\t\t\t\t<section class=\"elementor-section elementor-top-section elementor-element elementor-element-b81ce12 elementor-section-full_width elementor-section-height-default elementor-section-height-default\" data-id=\"b81ce12\" data-element_type=\"section\">\n\t\t\t\t\t\t<div class=\"elementor-container elementor-column-gap-default\">\n\t\t\t\t\t<div class=\"elementor-column elementor-col-100 elementor-top-column elementor-element elementor-element-deb3041\" data-id=\"deb3041\" data-element_type=\"column\">\n\t\t\t<div class=\"elementor-widget-wrap elementor-element-populated\">\n\t\t\t\t\t\t\t\t<div class=\"elementor-element elementor-element-92b3b72 elementor--h-position-center elementor--v-position-middle elementor-arrows-position-inside elementor-widget elementor-widget-slides\" data-id=\"92b3b72\" data-element_type=\"widget\" data-settings=\"{&quot;navigation&quot;:&quot;arrows&quot;,&quot;transition&quot;:&quot;fade&quot;,&quot;autoplay&quot;:&quot;yes&quot;,&quot;pause_on_hover&quot;:&quot;yes&quot;,&quot;pause_on_interaction&quot;:&quot;yes&quot;,&quot;autoplay_speed&quot;:5000,&quot;infinite&quot;:&quot;yes&quot;,&quot;transition_speed&quot;:500}\" data-widget_type=\"slides.default\">\n\t\t\t\t<div class=\"elementor-widget-container\">\n\t\t\t<style>\/*! elementor-pro - v3.6.4 - 15-03-2022 *\/\n.elementor-slides .swiper-slide-bg{background-size:cover;background-position:50%;background-repeat:no-repeat;min-width:100%;min-height:100%}.elementor-slides .swiper-slide-inner{background-repeat:no-repeat;background-position:50%;position:absolute;top:0;left:0;bottom:0;right:0;padding:50px;margin:auto}.elementor-slides .swiper-slide-inner,.elementor-slides .swiper-slide-inner:hover{color:#fff;display:-webkit-box;display:-ms-flexbox;display:flex}.elementor-slides .swiper-slide-inner .elementor-background-overlay{position:absolute;z-index:0;top:0;bottom:0;left:0;right:0}.elementor-slides .swiper-slide-inner .elementor-slide-content{position:relative;z-index:1;width:100%}.elementor-slides .swiper-slide-inner .elementor-slide-heading{font-size:35px;font-weight:700;line-height:1}.elementor-slides .swiper-slide-inner .elementor-slide-description{font-size:17px;line-height:1.4}.elementor-slides .swiper-slide-inner .elementor-slide-description:not(:last-child),.elementor-slides .swiper-slide-inner .elementor-slide-heading:not(:last-child){margin-bottom:30px}.elementor-slides .swiper-slide-inner .elementor-slide-button{border:2px solid #fff;color:#fff;background:transparent;display:inline-block}.elementor-slides .swiper-slide-inner .elementor-slide-button,.elementor-slides .swiper-slide-inner .elementor-slide-button:hover{background:transparent;color:inherit;text-decoration:none}.elementor--v-position-top .swiper-slide-inner{-webkit-box-align:start;-ms-flex-align:start;align-items:flex-start}.elementor--v-position-bottom .swiper-slide-inner{-webkit-box-align:end;-ms-flex-align:end;align-items:flex-end}.elementor--v-position-middle .swiper-slide-inner{-webkit-box-align:center;-ms-flex-align:center;align-items:center}.elementor--h-position-left .swiper-slide-inner{-webkit-box-pack:start;-ms-flex-pack:start;justify-content:flex-start}.elementor--h-position-right .swiper-slide-inner{-webkit-box-pack:end;-ms-flex-pack:end;justify-content:flex-end}.elementor--h-position-center .swiper-slide-inner{-webkit-box-pack:center;-ms-flex-pack:center;justify-content:center}body.rtl .elementor-widget-slides .elementor-swiper-button-next{left:10px;right:auto}body.rtl .elementor-widget-slides .elementor-swiper-button-prev{right:10px;left:auto}.elementor-slides-wrapper div:not(.swiper-slide)>.swiper-slide-inner{display:none}@media (max-width:767px){.elementor-slides .swiper-slide-inner{padding:30px}.elementor-slides .swiper-slide-inner .elementor-slide-heading{font-size:23px;line-height:1;margin-bottom:15px}.elementor-slides .swiper-slide-inner .elementor-slide-description{font-size:13px;line-height:1.4;margin-bottom:15px}}<\/style>\t\t<div class=\"elementor-swiper\">\n\t\t\t<div class=\"elementor-slides-wrapper elementor-main-swiper swiper-container\" dir=\"ltr\" data-animation=\"zoomIn\">\n\t\t\t\t<div class=\"swiper-wrapper elementor-slides\">\n\t\t\t\t\t\t\t\t\t\t<div class=\"elementor-repeater-item-1ae973b swiper-slide\"><div class=\"swiper-slide-bg\"><\/div><div class=\"elementor-background-overlay\"><\/div><div class=\"swiper-slide-inner\" ><div class=\"swiper-slide-contents\"><div class=\"elementor-slide-heading\">La terra, il Folklore e la Tradizione<\/div><\/div><\/div><\/div><div class=\"elementor-repeater-item-68ad44a swiper-slide\"><div class=\"swiper-slide-bg\"><\/div><div class=\"elementor-background-overlay\"><\/div><div class=\"swiper-slide-inner\" ><div class=\"swiper-slide-contents\"><div class=\"elementor-slide-heading\">La terra, il Folklore e la Tradizione<\/div><\/div><\/div><\/div><div class=\"elementor-repeater-item-08573d4 swiper-slide\"><div class=\"swiper-slide-bg\"><\/div><div class=\"elementor-background-overlay\"><\/div><div class=\"swiper-slide-inner\" ><div class=\"swiper-slide-contents\"><div class=\"elementor-slide-heading\">La terra, il Folklore e la Tradizione<\/div><\/div><\/div><\/div><div class=\"elementor-repeater-item-e85c5eb swiper-slide\"><div class=\"swiper-slide-bg\"><\/div><div class=\"elementor-background-overlay\"><\/div><div class=\"swiper-slide-inner\" ><div class=\"swiper-slide-contents\"><div class=\"elementor-slide-heading\">La terra, il Folklore e la Tradizione<\/div><\/div><\/div><\/div>\t\t\t\t<\/div>\n\t\t\t\t\t\t\t\t\t\t\t\t\t\t\t\t\t\t\t\t<div class=\"elementor-swiper-button elementor-swiper-button-prev\">\n\t\t\t\t\t\t\t<i aria-hidden=\"true\" class=\"eicon-chevron-left\"><\/i>\t\t\t\t\t\t\t<span class=\"elementor-screen-only\">Precedente<\/span>\n\t\t\t\t\t\t<\/div>\n\t\t\t\t\t\t<div class=\"elementor-swiper-button elementor-swiper-button-next\">\n\t\t\t\t\t\t\t<i aria-hidden=\"true\" class=\"eicon-chevron-right\"><\/i>\t\t\t\t\t\t\t<span class=\"elementor-screen-only\">Successivo<\/span>\n\t\t\t\t\t\t<\/div>\n\t\t\t\t\t\t\t\t\t\t\t\t<\/div>\n\t\t<\/div>\n\t\t\t\t<\/div>\n\t\t\t\t<\/div>\n\t\t\t\t\t<\/div>\n\t\t<\/div>\n\t\t\t\t\t\t\t<\/div>\n\t\t<\/section>\n\t\t\t\t<section class=\"elementor-section elementor-top-section elementor-element elementor-element-f45bca8 elementor-section-boxed elementor-section-height-default elementor-section-height-default\" data-id=\"f45bca8\" data-element_type=\"section\">\n\t\t\t\t\t\t<div class=\"elementor-container elementor-column-gap-default\">\n\t\t\t\t\t<div class=\"elementor-column elementor-col-100 elementor-top-column elementor-element elementor-element-c5c1c1a\" data-id=\"c5c1c1a\" data-element_type=\"column\">\n\t\t\t<div class=\"elementor-widget-wrap elementor-element-populated\">\n\t\t\t\t\t\t\t\t<div class=\"elementor-element elementor-element-149ee9b elementor-widget elementor-widget-heading\" data-id=\"149ee9b\" data-element_type=\"widget\" data-widget_type=\"heading.default\">\n\t\t\t\t<div class=\"elementor-widget-container\">\n\t\t\t<style>\/*! elementor - v3.6.1 - 23-03-2022 *\/\n.elementor-heading-title{padding:0;margin:0;line-height:1}.elementor-widget-heading .elementor-heading-title[class*=elementor-size-]>a{color:inherit;font-size:inherit;line-height:inherit}.elementor-widget-heading .elementor-heading-title.elementor-size-small{font-size:15px}.elementor-widget-heading .elementor-heading-title.elementor-size-medium{font-size:19px}.elementor-widget-heading .elementor-heading-title.elementor-size-large{font-size:29px}.elementor-widget-heading .elementor-heading-title.elementor-size-xl{font-size:39px}.elementor-widget-heading .elementor-heading-title.elementor-size-xxl{font-size:59px}<\/style><h1 class=\"elementor-heading-title elementor-size-default\">La nostra terra<\/h1>\t\t<\/div>\n\t\t\t\t<\/div>\n\t\t\t\t<section class=\"elementor-section elementor-inner-section elementor-element elementor-element-6074583 elementor-section-boxed elementor-section-height-default elementor-section-height-default\" data-id=\"6074583\" data-element_type=\"section\">\n\t\t\t\t\t\t<div class=\"elementor-container elementor-column-gap-default\">\n\t\t\t\t\t<div class=\"elementor-column elementor-col-50 elementor-inner-column elementor-element elementor-element-b1e2c19 elementor-invisible\" data-id=\"b1e2c19\" data-element_type=\"column\" data-settings=\"{&quot;animation&quot;:&quot;slideInLeft&quot;,&quot;animation_tablet&quot;:&quot;none&quot;}\">\n\t\t\t<div class=\"elementor-widget-wrap elementor-element-populated\">\n\t\t\t\t\t\t\t\t<div class=\"elementor-element elementor-element-36b9d1e elementor-widget elementor-widget-image\" data-id=\"36b9d1e\" data-element_type=\"widget\" data-widget_type=\"image.default\">\n\t\t\t\t<div class=\"elementor-widget-container\">\n\t\t\t<style>\/*! elementor - v3.6.1 - 23-03-2022 *\/\n.elementor-widget-image{text-align:center}.elementor-widget-image a{display:inline-block}.elementor-widget-image a img[src$=\".svg\"]{width:48px}.elementor-widget-image img{vertical-align:middle;display:inline-block}<\/style>\t\t\t\t\t\t\t\t\t\t\t\t<img width=\"560\" height=\"450\" src=\"https:\/\/www.salumibortolotti.it\/wp-content\/uploads\/2022\/01\/Sanmarco_jpg_560_450_cover_70.jpg\" class=\"attachment-large size-large\" alt=\"\" loading=\"lazy\" srcset=\"https:\/\/www.salumibortolotti.it\/wp-content\/uploads\/2022\/01\/Sanmarco_jpg_560_450_cover_70.jpg 560w, https:\/\/www.salumibortolotti.it\/wp-content\/uploads\/2022\/01\/Sanmarco_jpg_560_450_cover_70-300x241.jpg 300w\" sizes=\"(max-width: 560px) 100vw, 560px\" \/>\t\t\t\t\t\t\t\t\t\t\t\t\t\t\t<\/div>\n\t\t\t\t<\/div>\n\t\t\t\t\t<\/div>\n\t\t<\/div>\n\t\t\t\t<div class=\"elementor-column elementor-col-50 elementor-inner-column elementor-element elementor-element-0c0ad6b elementor-invisible\" data-id=\"0c0ad6b\" data-element_type=\"column\" data-settings=\"{&quot;animation&quot;:&quot;slideInRight&quot;,&quot;animation_tablet&quot;:&quot;none&quot;}\">\n\t\t\t<div class=\"elementor-widget-wrap elementor-element-populated\">\n\t\t\t\t\t\t\t\t<div class=\"elementor-element elementor-element-c5d0b6d elementor-widget elementor-widget-text-editor\" data-id=\"c5d0b6d\" data-element_type=\"widget\" data-widget_type=\"text-editor.default\">\n\t\t\t\t<div class=\"elementor-widget-container\">\n\t\t\t<style>\/*! elementor - v3.6.1 - 23-03-2022 *\/\n.elementor-widget-text-editor.elementor-drop-cap-view-stacked .elementor-drop-cap{background-color:#818a91;color:#fff}.elementor-widget-text-editor.elementor-drop-cap-view-framed .elementor-drop-cap{color:#818a91;border:3px solid;background-color:transparent}.elementor-widget-text-editor:not(.elementor-drop-cap-view-default) .elementor-drop-cap{margin-top:8px}.elementor-widget-text-editor:not(.elementor-drop-cap-view-default) .elementor-drop-cap-letter{width:1em;height:1em}.elementor-widget-text-editor .elementor-drop-cap{float:left;text-align:center;line-height:1;font-size:50px}.elementor-widget-text-editor .elementor-drop-cap-letter{display:inline-block}<\/style>\t\t\t\t<div class=\" col-sm-7 col-xs-12\"><div class=\" col-sm-7 col-xs-12\"><p>In un\u2019epoca di migrazioni e di multiculturalismo parlare della propria terra pare quasi un\u2019eresia, quasi sinonimo di chiusura. Tuttavia, l\u2019orgoglio delle proprie radici e la consapevolezza della propria storia, sono dei valori e non dei disvalori. In nessun modo rappresentano oltretutto un\u2019antitesi rispetto al nuovo.<\/p><p>Bergamo, compresa tra l&#8217;ultimo lembo della <strong>pianura lombarda<\/strong> e la catena delle <strong>Alpi<\/strong>, \u00e8 terra di grande religiosit\u00e0, ricca di un patrimonio storico, artistico e culturale conservatosi splendidamente anche nei centri pi\u00f9 piccoli.\u00a0<\/p><p>La nostra terra, le nostre valli, le nostre montagne, sono <strong>luoghi di sudore, di lavoro, di intimit\u00e0, di famiglia<\/strong>. Questi sono i valori che ci hanno trasmesso, questi sono i valori che vogliamo trasmettere ai nostri figli e che guidano le nostri azioni e le nostre vite.<\/p><\/div><\/div>\t\t\t\t\t\t<\/div>\n\t\t\t\t<\/div>\n\t\t\t\t\t<\/div>\n\t\t<\/div>\n\t\t\t\t\t\t\t<\/div>\n\t\t<\/section>\n\t\t\t\t\t<\/div>\n\t\t<\/div>\n\t\t\t\t\t\t\t<\/div>\n\t\t<\/section>\n\t\t\t\t<section class=\"elementor-section elementor-top-section elementor-element elementor-element-99440cd elementor-section-boxed elementor-section-height-default elementor-section-height-default\" data-id=\"99440cd\" data-element_type=\"section\">\n\t\t\t\t\t\t<div class=\"elementor-container elementor-column-gap-default\">\n\t\t\t\t\t<div class=\"elementor-column elementor-col-100 elementor-top-column elementor-element elementor-element-5db0693\" data-id=\"5db0693\" data-element_type=\"column\">\n\t\t\t<div class=\"elementor-widget-wrap elementor-element-populated\">\n\t\t\t\t\t\t\t\t<div class=\"elementor-element elementor-element-4e29ba8 elementor-widget elementor-widget-heading\" data-id=\"4e29ba8\" data-element_type=\"widget\" data-widget_type=\"heading.default\">\n\t\t\t\t<div class=\"elementor-widget-container\">\n\t\t\t<h1 class=\"elementor-heading-title elementor-size-default\">La norcineria bergamasca<\/h1>\t\t<\/div>\n\t\t\t\t<\/div>\n\t\t\t\t<section class=\"elementor-section elementor-inner-section elementor-element elementor-element-5391976 elementor-reverse-tablet elementor-reverse-mobile elementor-section-boxed elementor-section-height-default elementor-section-height-default\" data-id=\"5391976\" data-element_type=\"section\">\n\t\t\t\t\t\t<div class=\"elementor-container elementor-column-gap-default\">\n\t\t\t\t\t<div class=\"elementor-column elementor-col-50 elementor-inner-column elementor-element elementor-element-482d13e elementor-invisible\" data-id=\"482d13e\" data-element_type=\"column\" data-settings=\"{&quot;animation&quot;:&quot;slideInLeft&quot;,&quot;animation_tablet&quot;:&quot;none&quot;}\">\n\t\t\t<div class=\"elementor-widget-wrap elementor-element-populated\">\n\t\t\t\t\t\t\t\t<div class=\"elementor-element elementor-element-86d747e elementor-widget elementor-widget-text-editor\" data-id=\"86d747e\" data-element_type=\"widget\" data-widget_type=\"text-editor.default\">\n\t\t\t\t<div class=\"elementor-widget-container\">\n\t\t\t\t\t\t\t<div class=\" col-sm-7 col-xs-12\"><div class=\" col-sm-7 col-xs-12\"><div class=\" col-sm-7  col-xs-12\"><p>La macellazione del maiale avveniva di solito nei mesi di dicembre. <strong><em>\u201cEra la festa pi\u00f9 grande dell\u2019anno\u201d<\/em><\/strong> ricordano ancora gli anziani contadini.<\/p><p>Le attivit\u00e0 iniziavano di buon ora. Il norcino, <em>copasun\u00ec, masant<\/em>, giungeva sul posto con i suoi attrezzi raccolti in un sacco. Il giorno dell\u2019uccisione del maiale era consuetudine che il norcino fosse ospite della famiglia contadina per la quale esplicava la sua attivit\u00e0, a pranzo e a cena. Raramente egli consumava carne di maiale; per lui si preparava qualcos\u2019altro: pasta, formaggio, verdure. I componenti della famiglia invece quel giorno consumavano il fegato dell\u2019animale che non era conservabile. Lo si cucinava con le cipolle secondo una ricetta ben conosciuta nel Veneto e in Lombardia. Quale fondo di cottura per il fegato si usava il grasso fresco che riveste l\u2019intestino, chiamato <em>r\u00e9t <\/em>o <em>gradis\u00e9la (*); <\/em>esso, sciogliendosi con le cipolle arrostite, costituiva un intingolo ideale per l\u2019abbondante polenta.<\/p><\/div><\/div><\/div>\t\t\t\t\t\t<\/div>\n\t\t\t\t<\/div>\n\t\t\t\t\t<\/div>\n\t\t<\/div>\n\t\t\t\t<div class=\"elementor-column elementor-col-50 elementor-inner-column elementor-element elementor-element-8d2dd23 elementor-invisible\" data-id=\"8d2dd23\" data-element_type=\"column\" data-settings=\"{&quot;animation&quot;:&quot;slideInRight&quot;,&quot;animation_tablet&quot;:&quot;none&quot;}\">\n\t\t\t<div class=\"elementor-widget-wrap elementor-element-populated\">\n\t\t\t\t\t\t\t\t<div class=\"elementor-element elementor-element-c3c3287 elementor-widget elementor-widget-image\" data-id=\"c3c3287\" data-element_type=\"widget\" data-widget_type=\"image.default\">\n\t\t\t\t<div class=\"elementor-widget-container\">\n\t\t\t\t\t\t\t\t\t\t\t\t\t\t\t<img width=\"560\" height=\"450\" src=\"https:\/\/www.salumibortolotti.it\/wp-content\/uploads\/2022\/01\/norcino_jpg_560_450_cover_70.jpg\" class=\"attachment-large size-large\" alt=\"\" loading=\"lazy\" srcset=\"https:\/\/www.salumibortolotti.it\/wp-content\/uploads\/2022\/01\/norcino_jpg_560_450_cover_70.jpg 560w, https:\/\/www.salumibortolotti.it\/wp-content\/uploads\/2022\/01\/norcino_jpg_560_450_cover_70-300x241.jpg 300w\" sizes=\"(max-width: 560px) 100vw, 560px\" \/>\t\t\t\t\t\t\t\t\t\t\t\t\t\t\t<\/div>\n\t\t\t\t<\/div>\n\t\t\t\t\t<\/div>\n\t\t<\/div>\n\t\t\t\t\t\t\t<\/div>\n\t\t<\/section>\n\t\t\t\t\t<\/div>\n\t\t<\/div>\n\t\t\t\t\t\t\t<\/div>\n\t\t<\/section>\n\t\t\t\t<section class=\"elementor-section elementor-top-section elementor-element elementor-element-aea988e elementor-section-boxed elementor-section-height-default elementor-section-height-default\" data-id=\"aea988e\" data-element_type=\"section\">\n\t\t\t\t\t\t<div class=\"elementor-container elementor-column-gap-default\">\n\t\t\t\t\t<div class=\"elementor-column elementor-col-100 elementor-top-column elementor-element elementor-element-fb08a56\" data-id=\"fb08a56\" data-element_type=\"column\">\n\t\t\t<div class=\"elementor-widget-wrap elementor-element-populated\">\n\t\t\t\t\t\t\t\t<div class=\"elementor-element elementor-element-bc0abf6 elementor-widget elementor-widget-heading\" data-id=\"bc0abf6\" data-element_type=\"widget\" data-widget_type=\"heading.default\">\n\t\t\t\t<div class=\"elementor-widget-container\">\n\t\t\t<h1 class=\"elementor-heading-title elementor-size-default\">Il folklore<\/h1>\t\t<\/div>\n\t\t\t\t<\/div>\n\t\t\t\t<section class=\"elementor-section elementor-inner-section elementor-element elementor-element-7625fe8 elementor-section-boxed elementor-section-height-default elementor-section-height-default\" data-id=\"7625fe8\" data-element_type=\"section\">\n\t\t\t\t\t\t<div class=\"elementor-container elementor-column-gap-default\">\n\t\t\t\t\t<div class=\"elementor-column elementor-col-50 elementor-inner-column elementor-element elementor-element-f292486 elementor-invisible\" data-id=\"f292486\" data-element_type=\"column\" data-settings=\"{&quot;animation&quot;:&quot;slideInLeft&quot;,&quot;animation_tablet&quot;:&quot;none&quot;}\">\n\t\t\t<div class=\"elementor-widget-wrap elementor-element-populated\">\n\t\t\t\t\t\t\t\t<div class=\"elementor-element elementor-element-3f38749 elementor-widget elementor-widget-image\" data-id=\"3f38749\" data-element_type=\"widget\" data-widget_type=\"image.default\">\n\t\t\t\t<div class=\"elementor-widget-container\">\n\t\t\t\t\t\t\t\t\t\t\t\t\t\t\t<img width=\"800\" height=\"321\" src=\"https:\/\/www.salumibortolotti.it\/wp-content\/uploads\/2022\/01\/famiglia-bortolotti_jpg_1120_450_cover_70-1024x411.jpg\" class=\"attachment-large size-large\" alt=\"\" loading=\"lazy\" srcset=\"https:\/\/www.salumibortolotti.it\/wp-content\/uploads\/2022\/01\/famiglia-bortolotti_jpg_1120_450_cover_70-1024x411.jpg 1024w, https:\/\/www.salumibortolotti.it\/wp-content\/uploads\/2022\/01\/famiglia-bortolotti_jpg_1120_450_cover_70-300x121.jpg 300w, https:\/\/www.salumibortolotti.it\/wp-content\/uploads\/2022\/01\/famiglia-bortolotti_jpg_1120_450_cover_70-768x309.jpg 768w, https:\/\/www.salumibortolotti.it\/wp-content\/uploads\/2022\/01\/famiglia-bortolotti_jpg_1120_450_cover_70.jpg 1120w\" sizes=\"(max-width: 800px) 100vw, 800px\" \/>\t\t\t\t\t\t\t\t\t\t\t\t\t\t\t<\/div>\n\t\t\t\t<\/div>\n\t\t\t\t\t<\/div>\n\t\t<\/div>\n\t\t\t\t<div class=\"elementor-column elementor-col-50 elementor-inner-column elementor-element elementor-element-9b8e543 elementor-invisible\" data-id=\"9b8e543\" data-element_type=\"column\" data-settings=\"{&quot;animation&quot;:&quot;slideInRight&quot;,&quot;animation_tablet&quot;:&quot;none&quot;}\">\n\t\t\t<div class=\"elementor-widget-wrap elementor-element-populated\">\n\t\t\t\t\t\t\t\t<div class=\"elementor-element elementor-element-c99f5b7 elementor-widget elementor-widget-text-editor\" data-id=\"c99f5b7\" data-element_type=\"widget\" data-widget_type=\"text-editor.default\">\n\t\t\t\t<div class=\"elementor-widget-container\">\n\t\t\t\t\t\t\t<div class=\" col-sm-7 col-xs-12\"><div class=\" col-sm-7 col-xs-12\"><div class=\" col-sm-7  col-xs-12\"><p>Qualcuno potrebbe tendere ad associare la figura del bergamasco tipo a quella del famoso <strong>\u201cGiop\u00ec\u201d, l\u2019eroe indiscusso della commedia dell\u2019arte bergamasca<\/strong>. Il Gioppino, infatti, dice molto di Bergamo e dei bergamaschi: Di modi e linguaggio un po\u2019 rozzi, ma fondamentalmente di buon cuore, porta sempre con s\u00e9 un bastone che non disdegna di usare per far intendere la ragione, sempre comunque a vantaggio dei piccoli e degli oppressi. Amante del vino e del buon cibo, si dichiara innamoratissimo della sua <em>Marg\u00ec<\/em>.<\/p><p>Il Gioppino incarna il sempliciotto rozzo ma di buon cuore, pronto a difendere i deboli. Ecco quindi che il Gioppino \u00e8 il rappresentante di quel bergamasco onesto, legato alla propria famiglia, ma che non sopporta le ingiustizie. <strong>Dalle gesta di questo personaggio \u00e8 nata una delle linee pi\u00f9 di successo della nostra proposta commerciale, la linea \u201cCrape de legn\u201d.<\/strong><\/p><\/div><\/div><\/div>\t\t\t\t\t\t<\/div>\n\t\t\t\t<\/div>\n\t\t\t\t\t<\/div>\n\t\t<\/div>\n\t\t\t\t\t\t\t<\/div>\n\t\t<\/section>\n\t\t\t\t\t<\/div>\n\t\t<\/div>\n\t\t\t\t\t\t\t<\/div>\n\t\t<\/section>\n\t\t\t\t\t\t\t<\/div>\n\t\t","protected":false},"excerpt":{"rendered":"<p>La terra, il Folklore e la TradizioneLa terra, il Folklore e la TradizioneLa terra, il Folklore e la TradizioneLa terra, il Folklore e la Tradizione Previous Next La nostra terra In un\u2019epoca di migrazioni e di multiculturalismo parlare della propria terra pare quasi un\u2019eresia, quasi sinonimo di chiusura. Tuttavia, l\u2019orgoglio delle proprie radici e la [&hellip;]<\/p>\n","protected":false},"author":1,"featured_media":0,"parent":0,"menu_order":2,"comment_status":"closed","ping_status":"closed","template":"","meta":[],"_links":{"self":[{"href":"https:\/\/www.salumibortolotti.it\/it\/wp-json\/wp\/v2\/pages\/23"}],"collection":[{"href":"https:\/\/www.salumibortolotti.it\/it\/wp-json\/wp\/v2\/pages"}],"about":[{"href":"https:\/\/www.salumibortolotti.it\/it\/wp-json\/wp\/v2\/types\/page"}],"author":[{"embeddable":true,"href":"https:\/\/www.salumibortolotti.it\/it\/wp-json\/wp\/v2\/users\/1"}],"replies":[{"embeddable":true,"href":"https:\/\/www.salumibortolotti.it\/it\/wp-json\/wp\/v2\/comments?post=23"}],"version-history":[{"count":16,"href":"https:\/\/www.salumibortolotti.it\/it\/wp-json\/wp\/v2\/pages\/23\/revisions"}],"predecessor-version":[{"id":795,"href":"https:\/\/www.salumibortolotti.it\/it\/wp-json\/wp\/v2\/pages\/23\/revisions\/795"}],"wp:attachment":[{"href":"https:\/\/www.salumibortolotti.it\/it\/wp-json\/wp\/v2\/media?parent=23"}],"curies":[{"name":"wp","href":"https:\/\/api.w.org\/{rel}","templated":true}]}}